{"id":15610,"date":"2025-01-17T15:24:34","date_gmt":"2025-01-17T14:24:34","guid":{"rendered":"https:\/\/ggarciasami.com\/politica-de-privacidad\/"},"modified":"2026-04-26T19:22:55","modified_gmt":"2026-04-26T17:22:55","slug":"politica-de-privacidad","status":"publish","type":"page","link":"https:\/\/ggarciasami.com\/es\/politica-de-privacidad\/","title":{"rendered":"Pol\u00edtica de Privacidad"},"content":{"rendered":"\n<h1 class=\"privacy-policy-h1\">Pol\u00edtica de Privacidad<\/h1>\n<br\/><span>\u00daltima actualizaci\u00f3n el 20-08-2025<\/span>\n<br\/><span>Fecha de entrada en vigor 20-08-2025<\/span>\n\n<p class=\"privacy-policy-p\">\n Esta Pol\u00edtica de Privacidad describe las pol\u00edticas de\n\n Sami,\n Avenida de los Planetas 32,\n Madrid\n 28983,\n Espa\u00f1a,\n correo electr\u00f3nico: ggarciasami@gmail.com,\n tel\u00e9fono: 604990796\n\n sobre la recopilaci\u00f3n,\n el uso y la divulgaci\u00f3n de su informaci\u00f3n que recopilamos\n cuando utiliza nuestro sitio web ( https:\/\/ggarciasami.com ).\n (el \u201cServicio\u201d). Al acceder o utilizar\n el\n Servicio, usted consiente la recopilaci\u00f3n, el uso y la\n divulgaci\u00f3n de su informaci\u00f3n de conformidad con esta\n Pol\u00edtica de privacidad. Si no consiente lo mismo,\n por favor, no acceda ni utilice el Servicio.  \n<\/p>\n\n<p class=\"privacy-policy-p\">\n Podemos modificar esta Pol\u00edtica de Privacidad en cualquier momento sin\n previo aviso y publicaremos la Pol\u00edtica de Privacidad\n revisada en el Servicio. La Pol\u00edtica revisada\n entrar\u00e1 en vigor 180 d\u00edas despu\u00e9s de que la\n Pol\u00edtica revisada se publique en el Servicio y su\n acceso o uso continuado del Servicio despu\u00e9s de ese momento\n constituir\u00e1 su aceptaci\u00f3n de la Pol\u00edtica de Privacidad\n revisada. Por lo tanto, le recomendamos que revise\n peri\u00f3dicamente esta p\u00e1gina.  \n<\/p>\n\n<ol class=\"privacy-policy-ol\">\n        <li>\n        <h2 class=\"privacy-policy-h2\">\n Informaci\u00f3n que recopilamos:\n        <\/h2>\n\n        \n        <p class=\"privacy-policy-p\">\n Recopilaremos y procesaremos la siguiente\n informaci\u00f3n personal sobre usted:\n        <\/p>\n        <ol class=\"privacy-policy-ol\">\n\n                        <li>Nombre<\/li>\n            \n                        <li>Correo electr\u00f3nico<\/li>\n            \n                        <li>Tel\u00e9fono m\u00f3vil<\/li>\n            \n            \n            \n            \n            \n                        \n                                    \n        <\/ol>\n        \n\n        \n\n    <\/li>\n\n    \n    \n\n        <li>\n        <h2 class=\"privacy-policy-h2\">\n C\u00f3mo utilizamos su informaci\u00f3n:\n        <\/h2>\n        <p class=\"privacy-policy-p\">\n Utilizaremos la informaci\u00f3n que recopilemos\n sobre usted para los siguientes fines:\n        <\/p>\n        <ol class=\"privacy-policy-ol\">\n\n                        <li>Marketing\/Promocional<\/li>\n            \n            \n            \n            \n            \n            \n            \n            \n                        <li>Publicidad dirigida<\/li>\n            \n            \n            \n            \n            \n            \n        <\/ol>\n        <p class=\"privacy-policy-p\">\n Si deseamos utilizar su informaci\u00f3n para cualquier otro\n fin, le solicitaremos su consentimiento y\n utilizaremos su informaci\u00f3n \u00fanicamente tras recibir su\n consentimiento y, entonces, solo para el fin o fines para\n los que otorgue el consentimiento, salvo que la ley nos obligue a\n actuar de otro modo.\n        <\/p>\n    <\/li>\n    \n    \n    <li>\n        <h2 class=\"privacy-policy-h2\">\n C\u00f3mo compartimos su informaci\u00f3n:\n        <\/h2>\n\n\n                <p class=\"privacy-policy-p\">\n No transferiremos su informaci\u00f3n personal\n a ning\u00fan tercero sin solicitar su consentimiento,\n excepto en circunstancias limitadas como se describe\n a continuaci\u00f3n:\n        <\/p>\n        <ol class=\"privacy-policy-ol\">\n            \n            \n            \n            \n                        <li>An\u00e1lisis<\/li>\n            \n            \n                    <\/ol>\n        \n        <p class=\"privacy-policy-p\">\n Exigimos a dichos terceros que utilicen la\n informaci\u00f3n personal que les transferimos \u00fanicamente\n para el fin para el que fue transferida y\n que no la conserven durante m\u00e1s tiempo del necesario para\n cumplir dicho fin.\n        <\/p>\n        <p class=\"privacy-policy-p\">\n Tambi\u00e9n podemos divulgar su informaci\u00f3n personal\n para lo siguiente: (1) para cumplir con la legislaci\u00f3n\n aplicable, normativa, orden judicial u otro proceso legal\n aplicable; (2) para hacer cumplir sus acuerdos con nosotros,\n incluida esta Pol\u00edtica de Privacidad; o (3) para responder\n a reclamaciones de que su uso del Servicio infringe\n los derechos de terceros. Si el Servicio o nuestra\n empresa se fusiona o es adquirida por otra\n empresa, su informaci\u00f3n ser\u00e1 uno de los\n activos que se transfieran al nuevo propietario. \n        <\/p>\n    <\/li>\n    \n\n        <li>\n        <h2 class=\"privacy-policy-h2\">\n Conservaci\u00f3n de su informaci\u00f3n:\n        <\/h2>\n        <p class=\"privacy-policy-p\">\n Conservaremos su informaci\u00f3n personal con nosotros\n durante\n 90 d\u00edas a 2 a\u00f1os despu\u00e9s de que los usuarios cancelen sus cuentas\n o durante el tiempo\n que sea necesario para cumplir los fines para\n los que fue recopilada, tal como se detalla en esta\n Pol\u00edtica de Privacidad. Es posible que necesitemos conservar cierta\n informaci\u00f3n durante per\u00edodos m\u00e1s prolongados, como\n mantenimiento de registros\/informes de conformidad con\n la legislaci\u00f3n aplicable o por otros motivos leg\u00edtimos\n como el cumplimiento de derechos legales, prevenci\u00f3n\n de fraudes, etc. La informaci\u00f3n an\u00f3nima residual\n y la informaci\u00f3n agregada, ninguna de las cuales\n le identifica (directa o indirectamente), podr\u00e1n\n almacenarse indefinidamente.  \n        <\/p>\n    <\/li>\n    \n    <li>\n        <h2 class=\"privacy-policy-h2\">\n Sus derechos:\n        <\/h2>\n        <p class=\"privacy-policy-p\">\n Dependiendo de la legislaci\u00f3n aplicable, usted puede tener\n derecho a acceder y rectificar o eliminar sus\n datos personales o recibir una copia de sus datos\n personales, restringir u oponerse al\n procesamiento activo de sus datos, solicitarnos que compartamos (portemos)\n su informaci\u00f3n personal a otra entidad,\n retirar cualquier consentimiento que nos haya proporcionado para\n procesar sus datos, derecho a presentar una reclamaci\u00f3n\n ante una autoridad competente y otros derechos\n que puedan ser pertinentes seg\u00fan la legislaci\u00f3n aplicable. Para\n ejercer estos derechos, puede escribirnos a\n ggarciasami@gmail.com.\n Responderemos a su\n solicitud de conformidad con la legislaci\u00f3n aplicable. \n        <\/p>\n\n        \n        <p class=\"privacy-policy-p\">\n Tenga en cuenta que si no nos permite recopilar\n o procesar la informaci\u00f3n personal requerida o\n retira el consentimiento para procesar la misma para los\n fines requeridos, es posible que no pueda acceder\n o utilizar los servicios para los que se solicit\u00f3 su informaci\u00f3n\n.\n        <\/p>\n    <\/li>\n        <li>\n        <h2 class=\"privacy-policy-h2\">\n Cookies, etc.\n        <\/h2>\n        <p class=\"privacy-policy-p\">\n\n            \n Para obtener m\u00e1s informaci\u00f3n sobre c\u00f3mo las utilizamos\n y sus opciones en relaci\u00f3n con estas tecnolog\u00edas\n de seguimiento, consulte nuestra\n <a href=\"https:\/\/ggarciasami.com\/es\/politica-de-cookies\/\">Pol\u00edtica de Cookies.<\/a>\n        <\/p>\n    <\/li>\n    \n    <li>\n        <h2 class=\"privacy-policy-h2\">\n Seguridad:\n        <\/h2>\n        <p class=\"privacy-policy-p\">\n La seguridad de su informaci\u00f3n es importante para\n nosotros y utilizaremos medidas de seguridad razonables\n para evitar la p\u00e9rdida, el uso indebido o la alteraci\u00f3n no autorizada\n de su informaci\u00f3n bajo nuestro\n control. Sin embargo, dados los riesgos inherentes, no\n podemos garantizar una seguridad absoluta y,\n en consecuencia, no podemos asegurar ni garantizar la\n seguridad de cualquier informaci\u00f3n que nos transmita\n y lo hace bajo su propia responsabilidad. \n        <\/p>\n    <\/li>\n\n        <li>\n        <h2 class=\"privacy-policy-h2\">\n Enlaces de terceros y uso de su informaci\u00f3n:\n        <\/h2>\n        <p class=\"privacy-policy-p\">\n Nuestro Servicio puede contener enlaces a otros sitios web\n que no son operados por nosotros. Esta Pol\u00edtica de Privacidad\n no aborda la pol\u00edtica de privacidad ni otras\n pr\u00e1cticas de terceros, incluido cualquier\n tercero que opere cualquier sitio web o servicio\n al que se pueda acceder mediante un enlace en el\n Servicio. Le recomendamos encarecidamente que revise la\n pol\u00edtica de privacidad de cada sitio que visite. No tenemos\n control ni asumimos responsabilidad alguna por\n el contenido, las pol\u00edticas de privacidad o las pr\u00e1cticas de\n sitios o servicios de terceros.   \n        <\/p>\n    <\/li>\n    \n    <li>\n        <h2 class=\"privacy-policy-h2\">\n Responsable de reclamaciones\/Delegado de Protecci\u00f3n de Datos:\n        <\/h2>\n        <p class=\"privacy-policy-p\">\n Si tiene alguna consulta o inquietud sobre el\n procesamiento de su informaci\u00f3n que est\u00e1 disponible\n con nosotros, puede enviar un correo electr\u00f3nico a nuestro Responsable de Reclamaciones a\n Sami,\n Avenida de los Planetas 32,\n correo electr\u00f3nico: ggarciasami@gmail.com.\n Atenderemos sus inquietudes de conformidad con la legislaci\u00f3n aplicable.\n        <\/p>\n    <\/li>\n<\/ol>\n<p class=\"privacy-policy-p\">\n Pol\u00edtica de Privacidad generada con <a target=\"_blank\" href=\"https:\/\/www.cookieyes.com\/?utm_source=PP&#038;utm_medium=footer&#038;utm_campaign=UW\" rel=\"noopener\">CookieYes<\/a>.\n<\/p>\n","protected":false},"excerpt":{"rendered":"<p>Pol\u00edtica de Privacidad \u00daltima actualizaci\u00f3n el 20-08-2025 Fecha de entrada en vigor 20-08-2025 Esta Pol\u00edtica de Privacidad describe las pol\u00edticas de Sami, Avenida de los Planetas 32, Madrid 28983, Espa\u00f1a, correo electr\u00f3nico: ggarciasami@gmail.com, tel\u00e9fono: 604990796 sobre la recopilaci\u00f3n, el uso y la divulgaci\u00f3n de su informaci\u00f3n que recopilamos cuando utiliza nuestro sitio web ( https:\/\/ggarciasami.com [&hellip;]<\/p>\n","protected":false},"author":1,"featured_media":0,"parent":0,"menu_order":0,"comment_status":"closed","ping_status":"open","template":"","meta":{"footnotes":""},"class_list":["post-15610","page","type-page","status-publish","hentry"],"_links":{"self":[{"href":"https:\/\/ggarciasami.com\/es\/wp-json\/wp\/v2\/pages\/15610","targetHints":{"allow":["GET"]}}],"collection":[{"href":"https:\/\/ggarciasami.com\/es\/wp-json\/wp\/v2\/pages"}],"about":[{"href":"https:\/\/ggarciasami.com\/es\/wp-json\/wp\/v2\/types\/page"}],"author":[{"embeddable":true,"href":"https:\/\/ggarciasami.com\/es\/wp-json\/wp\/v2\/users\/1"}],"replies":[{"embeddable":true,"href":"https:\/\/ggarciasami.com\/es\/wp-json\/wp\/v2\/comments?post=15610"}],"version-history":[{"count":0,"href":"https:\/\/ggarciasami.com\/es\/wp-json\/wp\/v2\/pages\/15610\/revisions"}],"wp:attachment":[{"href":"https:\/\/ggarciasami.com\/es\/wp-json\/wp\/v2\/media?parent=15610"}],"curies":[{"name":"wp","href":"https:\/\/api.w.org\/{rel}","templated":true}]}}