{"id":15604,"date":"2025-01-16T19:20:06","date_gmt":"2025-01-16T18:20:06","guid":{"rendered":"https:\/\/ggarciasami.com\/politica-de-cookies\/"},"modified":"2026-04-26T19:17:49","modified_gmt":"2026-04-26T17:17:49","slug":"politica-de-cookies","status":"publish","type":"page","link":"https:\/\/ggarciasami.com\/es\/politica-de-cookies\/","title":{"rendered":"Pol\u00edtica de cookies"},"content":{"rendered":"\n<style>\n    a.cky-banner-element {\n        padding: 8px 30px;\n        background: #F8F9FA;\n        color: #858A8F;\n        border: 1px solid #DEE2E6;\n        box-sizing: border-box;\n        border-radius: 2px;\n        cursor: pointer;\n}\n<\/style>\n<p>\n  Fecha de entrada en vigor: 16-ene-2025 <br\/> \u00daltima actualizaci\u00f3n: 16-ene-2025\n<\/p>\n\n \n<h5>\u00bfQu\u00e9 son las cookies?<\/h5>\n<div class=\"cookie-policy-p\"><p>Esta Pol\u00edtica de cookies explica qu\u00e9 son las cookies y c\u00f3mo las utilizamos, los tipos de cookies que empleamos, es decir, la informaci\u00f3n que recopilamos mediante cookies y c\u00f3mo se utiliza dicha informaci\u00f3n, as\u00ed como la forma de gestionar la configuraci\u00f3n de cookies.<\/p> <p>Las cookies son peque\u00f1os archivos de texto que se utilizan para almacenar fragmentos de informaci\u00f3n. Se almacenan en su dispositivo cuando el sitio web se carga en su navegador. Estas cookies nos ayudan a que el sitio web funcione correctamente, lo hacen m\u00e1s seguro, proporcionan una mejor experiencia de usuario y nos permiten comprender c\u00f3mo funciona el sitio web, analizar qu\u00e9 aspectos funcionan bien y d\u00f3nde es necesario introducir mejoras.<\/p><\/div>\n\n \n<h5>\u00bfC\u00f3mo utilizamos las cookies?<\/h5>\n<div class=\"cookie-policy-p\"><p>Como la mayor\u00eda de los servicios en l\u00ednea, nuestro sitio web utiliza cookies propias y de terceros con diversos fines. Las cookies propias son principalmente necesarias para que el sitio web funcione correctamente y no recopilan ning\u00fan dato de identificaci\u00f3n personal.<\/p> <p>Las cookies de terceros utilizadas en nuestro sitio web tienen como objetivo principal comprender c\u00f3mo funciona el sitio web, c\u00f3mo interact\u00faa usted con nuestro sitio web, mantener nuestros servicios seguros, proporcionar anuncios que sean relevantes para usted y, en definitiva, ofrecerle una experiencia de usuario mejorada y ayudar a agilizar sus futuras interacciones con nuestro sitio web.<\/p><\/div>\n\n \n    <h5>Tipos de cookies que utilizamos<\/h5>\n\n    <div class=\"cky-audit-table-element\"><\/div>\n\n \n    <h5 style=\"margin-bottom:20px;\">Gestionar preferencias de cookies<\/h5>\n\n    <a class=\"cky-banner-element\">Configuraci\u00f3n de cookies<\/a> <br\/>\n    <div><p>Puede cambiar sus preferencias de cookies en cualquier momento haciendo clic en el bot\u00f3n anterior. Esto le permitir\u00e1 volver a consultar el banner de consentimiento de cookies y cambiar sus preferencias o retirar su consentimiento de inmediato.  <\/p> <p>Adem\u00e1s, los distintos navegadores ofrecen diferentes m\u00e9todos para bloquear y eliminar las cookies utilizadas por los sitios web. Puede cambiar la configuraci\u00f3n de su navegador para bloquear o eliminar las cookies. A continuaci\u00f3n se enumeran los enlaces a los documentos de ayuda sobre c\u00f3mo gestionar y eliminar cookies de los principales navegadores web.<\/p> <p>Chrome: <a target=\"_blank\" href=\"https:\/\/support.google.com\/accounts\/answer\/32050\" rel=\"noopener\">https:\/\/support.google.com\/accounts\/answer\/32050<\/a><\/p><p>Safari: <a target=\"_blank\" href=\"https:\/\/support.apple.com\/en-in\/guide\/safari\/sfri11471\/mac\" rel=\"noopener\">https:\/\/support.apple.com\/en-in\/guide\/safari\/sfri11471\/mac<\/a><\/p><p>Firefox: <a target=\"_blank\" href=\"https:\/\/support.mozilla.org\/en-US\/kb\/clear-cookies-and-site-data-firefox?redirectslug=delete-cookies-remove-info-websites-stored&#038;redirectlocale=en-US\" rel=\"noopener\">https:\/\/support.mozilla.org\/en-US\/kb\/clear-cookies-and-site-data-firefox?redirectslug=delete-cookies-remove-info-websites-stored&#038;redirectlocale=en-US<\/a><\/p><p>Internet Explorer: <a target=\"_blank\" href=\"https:\/\/support.microsoft.com\/en-us\/topic\/how-to-delete-cookie-files-in-internet-explorer-bca9446f-d873-78de-77ba-d42645fa52fc\" rel=\"noopener\">https:\/\/support.microsoft.com\/en-us\/topic\/how-to-delete-cookie-files-in-internet-explorer-bca9446f-d873-78de-77ba-d42645fa52fc<\/a><\/p><p>Si utiliza cualquier otro navegador web, consulte los documentos de ayuda oficiales de su navegador.<\/p><\/div>\n\n\n \n<p class=\"cookie-policy-p\">\n  Pol\u00edtica de cookies generada por <a target=\"_blank\" href=\"https:\/\/www.cookieyes.com\/?utm_source=CP&#038;utm_medium=footer&#038;utm_campaign=UW\" rel=\"noopener\">CookieYes &#8211; Cookie Policy Generator<\/a>.\n<\/p>\n","protected":false},"excerpt":{"rendered":"<p>Fecha de entrada en vigor: 16-ene-2025 \u00daltima actualizaci\u00f3n: 16-ene-2025 \u00bfQu\u00e9 son las cookies? Esta Pol\u00edtica de cookies explica qu\u00e9 son las cookies y c\u00f3mo las utilizamos, los tipos de cookies que empleamos, es decir, la informaci\u00f3n que recopilamos mediante cookies y c\u00f3mo se utiliza dicha informaci\u00f3n, as\u00ed como la forma de gestionar la configuraci\u00f3n de [&hellip;]<\/p>\n","protected":false},"author":1,"featured_media":0,"parent":0,"menu_order":0,"comment_status":"closed","ping_status":"closed","template":"","meta":{"footnotes":""},"class_list":["post-15604","page","type-page","status-publish","hentry"],"_links":{"self":[{"href":"https:\/\/ggarciasami.com\/es\/wp-json\/wp\/v2\/pages\/15604","targetHints":{"allow":["GET"]}}],"collection":[{"href":"https:\/\/ggarciasami.com\/es\/wp-json\/wp\/v2\/pages"}],"about":[{"href":"https:\/\/ggarciasami.com\/es\/wp-json\/wp\/v2\/types\/page"}],"author":[{"embeddable":true,"href":"https:\/\/ggarciasami.com\/es\/wp-json\/wp\/v2\/users\/1"}],"replies":[{"embeddable":true,"href":"https:\/\/ggarciasami.com\/es\/wp-json\/wp\/v2\/comments?post=15604"}],"version-history":[{"count":0,"href":"https:\/\/ggarciasami.com\/es\/wp-json\/wp\/v2\/pages\/15604\/revisions"}],"wp:attachment":[{"href":"https:\/\/ggarciasami.com\/es\/wp-json\/wp\/v2\/media?parent=15604"}],"curies":[{"name":"wp","href":"https:\/\/api.w.org\/{rel}","templated":true}]}}